{"id":5109,"date":"2010-12-20T13:10:52","date_gmt":"2010-12-20T12:10:52","guid":{"rendered":"http:\/\/www.eamazonki.pl"},"modified":"2010-12-20T13:14:02","modified_gmt":"2010-12-20T12:14:02","slug":"5109-2","status":"publish","type":"page","link":"https:\/\/eamazonki.pl\/?page_id=5109","title":{"rendered":"Prawa Pacjenta"},"content":{"rendered":"<ul>\n<li style=\"text-align: left;\"><strong><span style=\"color: #ff0000;\">Najwa\u017cniejsze prawa pacjenta<\/span><\/strong>\n<ul>\n<li style=\"text-align: left;\">prawo do \u015bwiadcze\u0144 zdrowotnych<\/li>\n<li style=\"text-align: left;\">prawo do informacji<\/li>\n<li style=\"text-align: left;\">prawo pacjenta do tajemnicy informacji z nim zwi\u0105zanych<\/li>\n<li style=\"text-align: left;\">prawo do wyra\u017cania zgody na udzielanie \u015bwiadcze\u0144 zdrowotnych<\/li>\n<li style=\"text-align: left;\">prawo do poszanowania intymno\u015bci i godno\u015bci<\/li>\n<li style=\"text-align: left;\">prawo dost\u0119pu do dokumentacji medycznej<\/li>\n<li style=\"text-align: left;\">prawo do zg\u0142aszania sprzeciwu wobec opinii albo orzeczenia lekarza<\/li>\n<li style=\"text-align: left;\">prawo do poszanowania \u017cycia prywatnego i rodzinnego<\/li>\n<\/ul>\n<\/li>\n<\/ul>\n<ul>\n<li><strong><span style=\"color: #ff0000;\">Kontakt:<\/span><\/strong>\n<ul>\n<li><a href=\"http:\/\/www.bpp.gov.pl\/\"><strong>www.bpp.gov.pl<\/strong><\/a> ? strona internetowa Biura Praw Pacjenta<\/li>\n<li><strong>800 190 590<\/strong> ? bezp\u0142atna infolinia Rzecznika Praw Pacjenta<\/li>\n<li><a href=\"http:\/\/www.federa.org.pl\/\"><strong>www.federa.org.pl<\/strong><\/a>? Federacja na rzecz Kobiet i Planowania Rodziny<\/li>\n<li><strong>(22) 635 93 92<\/strong> ? wtorki i czwartki<br \/>\nod godz. <strong>16.00<\/strong> do <strong>20.00<\/strong> dy\u017cur prawniczki federacji<\/li>\n<\/ul>\n<\/li>\n<\/ul>\n<div class=\"aizattos_related_posts\"><span class=\"aizattos_related_posts_header\" >Podobne wpisy<\/span><ul><li><span class=\"aizattos_related_posts_title\"><a href=\"https:\/\/eamazonki.pl\/?p=37435\" rel=\"bookmark\" title=\"Zobacz wpis: Prawa Pacjenta\" >Prawa Pacjenta<\/a><\/span><\/li><li><span class=\"aizattos_related_posts_title\"><a href=\"https:\/\/eamazonki.pl\/?p=48445\" rel=\"bookmark\" title=\"Zobacz wpis: Mam objawy COVID-19 i co dalej? Schemat post\u0119powania dla chorego\" >Mam objawy COVID-19 i co dalej? Schemat post\u0119powania dla chorego<\/a><\/span><\/li><li><span class=\"aizattos_related_posts_title\"><a href=\"https:\/\/eamazonki.pl\/?p=48390\" rel=\"bookmark\" title=\"Zobacz wpis: PPOZ &#8211; Nie b\u0119dzie za\u015bwiadcze\u0144 o przeciwwskazaniach<br>&nbsp;&nbsp;&nbsp; &nbsp; &nbsp;do noszenia maseczek\" >PPOZ &#8211; Nie b\u0119dzie za\u015bwiadcze\u0144 o przeciwwskazaniach<br>&nbsp;&nbsp;&nbsp; &nbsp; &nbsp;do noszenia maseczek<\/a><\/span><\/li><li><span class=\"aizattos_related_posts_title\"><a href=\"https:\/\/eamazonki.pl\/?p=48572\" rel=\"bookmark\" title=\"Zobacz wpis: 11 szpitali odm\u00f3wi\u0142o przyj\u0119cia pacjenta. 72-latek zmar\u0142\" >11 szpitali odm\u00f3wi\u0142o przyj\u0119cia pacjenta. 72-latek zmar\u0142<\/a><\/span><\/li><li><span class=\"aizattos_related_posts_title\"><a href=\"https:\/\/eamazonki.pl\/?p=48608\" rel=\"bookmark\" title=\"Zobacz wpis: Jak rozmawia\u0107 z chorym na nowotw\u00f3r i \u201eoswoi\u0107 raka\u201d?\" >Jak rozmawia\u0107 z chorym na nowotw\u00f3r i \u201eoswoi\u0107 raka\u201d?<\/a><\/span><\/li><\/ul><\/div>","protected":false},"excerpt":{"rendered":"<p>Najwa\u017cniejsze prawa pacjenta prawo do \u015bwiadcze\u0144 zdrowotnych prawo do informacji prawo pacjenta do tajemnicy informacji z nim zwi\u0105zanych prawo do wyra\u017cania zgody na udzielanie \u015bwiadcze\u0144 zdrowotnych prawo do poszanowania intymno\u015bci i godno\u015bci prawo dost\u0119pu do dokumentacji medycznej prawo do zg\u0142aszania sprzeciwu wobec opinii albo orzeczenia lekarza prawo do poszanowania \u017cycia prywatnego i rodzinnego Kontakt: www.bpp.gov.pl [&hellip;]<\/p>\n","protected":false},"author":1,"featured_media":0,"parent":0,"menu_order":0,"comment_status":"closed","ping_status":"open","template":"","meta":{"ngg_post_thumbnail":0,"footnotes":""},"class_list":["post-5109","page","type-page","status-publish","hentry"],"_links":{"self":[{"href":"https:\/\/eamazonki.pl\/index.php?rest_route=\/wp\/v2\/pages\/5109","targetHints":{"allow":["GET"]}}],"collection":[{"href":"https:\/\/eamazonki.pl\/index.php?rest_route=\/wp\/v2\/pages"}],"about":[{"href":"https:\/\/eamazonki.pl\/index.php?rest_route=\/wp\/v2\/types\/page"}],"author":[{"embeddable":true,"href":"https:\/\/eamazonki.pl\/index.php?rest_route=\/wp\/v2\/users\/1"}],"replies":[{"embeddable":true,"href":"https:\/\/eamazonki.pl\/index.php?rest_route=%2Fwp%2Fv2%2Fcomments&post=5109"}],"version-history":[{"count":0,"href":"https:\/\/eamazonki.pl\/index.php?rest_route=\/wp\/v2\/pages\/5109\/revisions"}],"wp:attachment":[{"href":"https:\/\/eamazonki.pl\/index.php?rest_route=%2Fwp%2Fv2%2Fmedia&parent=5109"}],"curies":[{"name":"wp","href":"https:\/\/api.w.org\/{rel}","templated":true}]}}